{"id":4575,"date":"2018-04-18T14:41:03","date_gmt":"2018-04-18T14:41:03","guid":{"rendered":"https:\/\/www.monteingles.com\/estadia\/"},"modified":"2023-01-09T14:10:39","modified_gmt":"2023-01-09T14:10:39","slug":"accommodation-sao-miguel-azores","status":"publish","type":"page","link":"https:\/\/www.monteingles.com\/en\/accommodation-sao-miguel-azores\/","title":{"rendered":"Accommodation"},"content":{"rendered":"<p>[vc_row css=&#8221;.vc_custom_1665399968767{background-color: #f5f5ea !important;}&#8221;][vc_column]<div class=\"qodef-elements-holder   qodef-one-column  qodef-responsive-mode-768 \" ><div class=\"qodef-eh-item customDisplayRoomsFlex   \"  data-item-class=\"qodef-eh-custom-7922\">\n\t<div class=\"qodef-eh-item-inner\">\n\t\t<div class=\"qodef-eh-item-content qodef-eh-custom-7922\" >\n\t\t\t\t\n\t\t<div class=\"qodef-section-title-holder  qodef-st-standard qodef-st-title-left  qodef-st-normal-space  \">\n\t\t\t<div class=\"qodef-st-inner\">\n\t\t\t\t<span class=\"qodef-st-subtitle\">Find out about our<\/span>\n\t\t\t\t<h2 class=\"qodef-st-title\">Rooms<\/h2>\n\t\t\t\t<p class=\"qodef-st-text\">Monte Ingl\u00eas is ready to welcome you all year round. The facilities all have heating systems and were designed to maintain the necessary comfort during the 4 seasons. Whether in the 3 bedrooms of the villa or in Casa da Cavalari\u00e7a, you will find the ideal place to relax and enjoy your holidays on the magnificent island of S\u00e3o Miguel.<br \/>\r\n<\/p>\n\t\t\t<\/div>\n\t\t<\/div>\t\t\n\n\t[vc_column_text][\/vc_column_text]<div class=\"qodef-separator-holder clearfix  qodef-separator-center \">\n\t<div class=\"qodef-separator\" ><\/div>\n<\/div>\n<div class=\"qodef-hrl-holder qodef-hrl-divided qodef-hrl-sort-light    qodef-normal-space    qodef-hrl-two-columns qodef-hrl-pag-standard\"  data-type=divided data-boxed-layout=no data-number-of-columns=2 data-space-between-items=normal data-number-of-items=6 data-image-proportions=large data-order-by=date data-order=ASC data-title-tag=h3 data-enable-excerpt=yes data-excerpt-length=90 data-enable-price-period=no data-price-period-text=Night data-pagination-type=standard data-enable-filter=no data-enable-sort=no data-sort-skin=light data-hotel-room-slider-on=no data-enable-loop=no data-enable-autoplay=yes data-slider-speed=5000 data-slider-speed-animation=600 data-enable-navigation=yes data-enable-pagination=yes data-max-num-pages=1 data-next-page=2>\n\t\n            <div class=\"qodef-hrl-items-part-holder\">\n            <div class=\"qodef-grid-row qodef-grid-small-gutter\">\n                <div class=\"qodef-hrl-items-part qodef-grid-col-12\">\n                        <div class=\"qodef-hrl-inner qodef-outer-space  clearfix\">\n                            <article class=\"qodef-hrl-item qodef-item-space  post-4565 hotel-room type-hotel-room status-publish has-post-thumbnail hentry\">\n        <div class=\"qodef-hrl-item-inner\">\n\t\t\t<div class=\"qodef-item-holder estadias\">\n    <div class=\"qodef-hrl-item-image estadias-img\">\n\t<img width=\"1024\" height=\"683\" src=\"https:\/\/www.monteingles.com\/wp-content\/uploads\/2022\/10\/dsc02025-hdr-1024x683.jpg\" class=\"attachment-large size-large wp-post-image\" alt=\"\" loading=\"lazy\" srcset=\"https:\/\/www.monteingles.com\/wp-content\/uploads\/2022\/10\/dsc02025-hdr-1024x683.jpg 1024w, https:\/\/www.monteingles.com\/wp-content\/uploads\/2022\/10\/dsc02025-hdr-300x200.jpg 300w, https:\/\/www.monteingles.com\/wp-content\/uploads\/2022\/10\/dsc02025-hdr-768x512.jpg 768w, https:\/\/www.monteingles.com\/wp-content\/uploads\/2022\/10\/dsc02025-hdr-1536x1024.jpg 1536w, https:\/\/www.monteingles.com\/wp-content\/uploads\/2022\/10\/dsc02025-hdr-600x400.jpg 600w\" sizes=\"(max-width: 1024px) 100vw, 1024px\" \/>    <a itemprop=\"url\" class=\"qodef-hrl-link qodef-block-drag-link\" href=\"https:\/\/www.monteingles.com\/en\/hotel-room\/casa-da-cavalarica-holiday-home\/\"><\/a>\n\t<\/div>    <div class=\"qodef-hrl-item-content\">\n        <div class=\"qodef-hrl-item-content-holder\">\n            <div class=\"qodef-hrl-item-content-inner\">\n                                                <h3 itemprop=\"name\" class=\"qodef-hrl-item-title entry-title\" >\n<a itemprop=\"url\" href=\"https:\/\/www.monteingles.com\/en\/hotel-room\/casa-da-cavalarica-holiday-home\/\" target=\"_self\">\n\tCasa da Cavalari\u00e7a<\/a>\n<\/h3>\t\t\t\t\t<p itemprop=\"description\" class=\"qodef-pli-excerpt\">Casa da Cavalari\u00e7a, right in the heart of the property, is the ideal option for family ho...<\/p>\n\t\t\t\t<div class=\"qodef-post-read-more-button\">\n\t<div class=\"qodef-post-info-bottom-left customBtn activities\">\n\t\t<a itemprop=\"url\" href=\"https:\/\/www.monteingles.com\/en\/hotel-room\/casa-da-cavalarica-holiday-home\/\" style=\"padding: 12px 47px 13px 47px\" class=\"qodef-btn qodef-btn-small qodef-btn-outline\">\n\t\t\t<span class=\"qodef-btn-text-wrapper\">\n\t\t\t\t<span class=\"qodef-btn-text\">Book Now<\/span>\n\t\t\t\t\t<\/span>\n\t\t\t<span class=\"qodef-btn-bgrnd-wrapper\">\n\t\t\t\t<span class=\"qodef-btn-bgrnd-idle\"><\/span>\n\t\t\t\t<span class=\"qodef-btn-bgrnd-hover\"><\/span>\n\t\t\t<\/span>\n\t\t<\/a>\n\t<\/div>\n<\/div>\n            <\/div>\n        <\/div>\n    <\/div>\n<\/div>\n        <\/div>\n    <\/article>\n    <article class=\"qodef-hrl-item qodef-item-space  post-4564 hotel-room type-hotel-room status-publish has-post-thumbnail hentry\">\n        <div class=\"qodef-hrl-item-inner\">\n\t\t\t<div class=\"qodef-item-holder estadias\">\n    <div class=\"qodef-hrl-item-image estadias-img\">\n\t<img width=\"1024\" height=\"683\" src=\"https:\/\/www.monteingles.com\/wp-content\/uploads\/2022\/10\/dsc01961-hdr-1024x683.jpg\" class=\"attachment-large size-large wp-post-image\" alt=\"\" loading=\"lazy\" srcset=\"https:\/\/www.monteingles.com\/wp-content\/uploads\/2022\/10\/dsc01961-hdr-1024x683.jpg 1024w, https:\/\/www.monteingles.com\/wp-content\/uploads\/2022\/10\/dsc01961-hdr-300x200.jpg 300w, https:\/\/www.monteingles.com\/wp-content\/uploads\/2022\/10\/dsc01961-hdr-768x512.jpg 768w, https:\/\/www.monteingles.com\/wp-content\/uploads\/2022\/10\/dsc01961-hdr-1536x1024.jpg 1536w, https:\/\/www.monteingles.com\/wp-content\/uploads\/2022\/10\/dsc01961-hdr-600x400.jpg 600w\" sizes=\"(max-width: 1024px) 100vw, 1024px\" \/>    <a itemprop=\"url\" class=\"qodef-hrl-link qodef-block-drag-link\" href=\"https:\/\/www.monteingles.com\/en\/hotel-room\/wine-room-mountain-view-double-room\/\"><\/a>\n\t<\/div>    <div class=\"qodef-hrl-item-content\">\n        <div class=\"qodef-hrl-item-content-holder\">\n            <div class=\"qodef-hrl-item-content-inner\">\n                                                <h3 itemprop=\"name\" class=\"qodef-hrl-item-title entry-title\" >\n<a itemprop=\"url\" href=\"https:\/\/www.monteingles.com\/en\/hotel-room\/wine-room-mountain-view-double-room\/\" target=\"_self\">\n\tWine Room<\/a>\n<\/h3>\t\t\t\t\t<p itemprop=\"description\" class=\"qodef-pli-excerpt\">The horse named Wine gives this room its name. It has an extra-large double bed and overlo...<\/p>\n\t\t\t\t<div class=\"qodef-post-read-more-button\">\n\t<div class=\"qodef-post-info-bottom-left customBtn activities\">\n\t\t<a itemprop=\"url\" href=\"https:\/\/www.monteingles.com\/en\/hotel-room\/wine-room-mountain-view-double-room\/\" style=\"padding: 12px 47px 13px 47px\" class=\"qodef-btn qodef-btn-small qodef-btn-outline\">\n\t\t\t<span class=\"qodef-btn-text-wrapper\">\n\t\t\t\t<span class=\"qodef-btn-text\">Book Now<\/span>\n\t\t\t\t\t<\/span>\n\t\t\t<span class=\"qodef-btn-bgrnd-wrapper\">\n\t\t\t\t<span class=\"qodef-btn-bgrnd-idle\"><\/span>\n\t\t\t\t<span class=\"qodef-btn-bgrnd-hover\"><\/span>\n\t\t\t<\/span>\n\t\t<\/a>\n\t<\/div>\n<\/div>\n            <\/div>\n        <\/div>\n    <\/div>\n<\/div>\n        <\/div>\n    <\/article>\n    <article class=\"qodef-hrl-item qodef-item-space  post-4627 hotel-room type-hotel-room status-publish has-post-thumbnail hentry\">\n        <div class=\"qodef-hrl-item-inner\">\n\t\t\t<div class=\"qodef-item-holder estadias\">\n    <div class=\"qodef-hrl-item-image estadias-img\">\n\t<img width=\"1024\" height=\"683\" src=\"https:\/\/www.monteingles.com\/wp-content\/uploads\/2022\/11\/dsc01892-hdr-1-1024x683.jpg\" class=\"attachment-large size-large wp-post-image\" alt=\"vacation in azores\" loading=\"lazy\" srcset=\"https:\/\/www.monteingles.com\/wp-content\/uploads\/2022\/11\/dsc01892-hdr-1-1024x683.jpg 1024w, https:\/\/www.monteingles.com\/wp-content\/uploads\/2022\/11\/dsc01892-hdr-1-300x200.jpg 300w, https:\/\/www.monteingles.com\/wp-content\/uploads\/2022\/11\/dsc01892-hdr-1-768x512.jpg 768w, https:\/\/www.monteingles.com\/wp-content\/uploads\/2022\/11\/dsc01892-hdr-1-1536x1024.jpg 1536w, https:\/\/www.monteingles.com\/wp-content\/uploads\/2022\/11\/dsc01892-hdr-1-600x400.jpg 600w\" sizes=\"(max-width: 1024px) 100vw, 1024px\" \/>    <a itemprop=\"url\" class=\"qodef-hrl-link qodef-block-drag-link\" href=\"https:\/\/www.monteingles.com\/en\/hotel-room\/raja-room-double-room-with-garden-view\/\"><\/a>\n\t<\/div>    <div class=\"qodef-hrl-item-content\">\n        <div class=\"qodef-hrl-item-content-holder\">\n            <div class=\"qodef-hrl-item-content-inner\">\n                                                <h3 itemprop=\"name\" class=\"qodef-hrl-item-title entry-title\" >\n<a itemprop=\"url\" href=\"https:\/\/www.monteingles.com\/en\/hotel-room\/raja-room-double-room-with-garden-view\/\" target=\"_self\">\n\tRaja Room<\/a>\n<\/h3>\t\t\t\t\t<p itemprop=\"description\" class=\"qodef-pli-excerpt\">Named after one of the most emblematic horses that passed through Monte Ingl\u00eas, the Raj\u00e1...<\/p>\n\t\t\t\t<div class=\"qodef-post-read-more-button\">\n\t<div class=\"qodef-post-info-bottom-left customBtn activities\">\n\t\t<a itemprop=\"url\" href=\"https:\/\/www.monteingles.com\/en\/hotel-room\/raja-room-double-room-with-garden-view\/\" style=\"padding: 12px 47px 13px 47px\" class=\"qodef-btn qodef-btn-small qodef-btn-outline\">\n\t\t\t<span class=\"qodef-btn-text-wrapper\">\n\t\t\t\t<span class=\"qodef-btn-text\">Book Now<\/span>\n\t\t\t\t\t<\/span>\n\t\t\t<span class=\"qodef-btn-bgrnd-wrapper\">\n\t\t\t\t<span class=\"qodef-btn-bgrnd-idle\"><\/span>\n\t\t\t\t<span class=\"qodef-btn-bgrnd-hover\"><\/span>\n\t\t\t<\/span>\n\t\t<\/a>\n\t<\/div>\n<\/div>\n            <\/div>\n        <\/div>\n    <\/div>\n<\/div>\n        <\/div>\n    <\/article>\n    <article class=\"qodef-hrl-item qodef-item-space  post-4629 hotel-room type-hotel-room status-publish has-post-thumbnail hentry\">\n        <div class=\"qodef-hrl-item-inner\">\n\t\t\t<div class=\"qodef-item-holder estadias\">\n    <div class=\"qodef-hrl-item-image estadias-img\">\n\t<img width=\"1024\" height=\"683\" src=\"https:\/\/www.monteingles.com\/wp-content\/uploads\/2022\/11\/dsc01837-hdr-1-1024x683.jpg\" class=\"attachment-large size-large wp-post-image\" alt=\"\" loading=\"lazy\" srcset=\"https:\/\/www.monteingles.com\/wp-content\/uploads\/2022\/11\/dsc01837-hdr-1-1024x683.jpg 1024w, https:\/\/www.monteingles.com\/wp-content\/uploads\/2022\/11\/dsc01837-hdr-1-300x200.jpg 300w, https:\/\/www.monteingles.com\/wp-content\/uploads\/2022\/11\/dsc01837-hdr-1-768x512.jpg 768w, https:\/\/www.monteingles.com\/wp-content\/uploads\/2022\/11\/dsc01837-hdr-1-1536x1024.jpg 1536w, https:\/\/www.monteingles.com\/wp-content\/uploads\/2022\/11\/dsc01837-hdr-1-600x400.jpg 600w\" sizes=\"(max-width: 1024px) 100vw, 1024px\" \/>    <a itemprop=\"url\" class=\"qodef-hrl-link qodef-block-drag-link\" href=\"https:\/\/www.monteingles.com\/en\/hotel-room\/papoila-room-twin-room\/\"><\/a>\n\t<\/div>    <div class=\"qodef-hrl-item-content\">\n        <div class=\"qodef-hrl-item-content-holder\">\n            <div class=\"qodef-hrl-item-content-inner\">\n                                                <h3 itemprop=\"name\" class=\"qodef-hrl-item-title entry-title\" >\n<a itemprop=\"url\" href=\"https:\/\/www.monteingles.com\/en\/hotel-room\/papoila-room-twin-room\/\" target=\"_self\">\n\tPapoila Room<\/a>\n<\/h3>\t\t\t\t\t<p itemprop=\"description\" class=\"qodef-pli-excerpt\">Papoila, a docile horse, known to all who visited Monte Ingl\u00eas, gives its name to this ro...<\/p>\n\t\t\t\t<div class=\"qodef-post-read-more-button\">\n\t<div class=\"qodef-post-info-bottom-left customBtn activities\">\n\t\t<a itemprop=\"url\" href=\"https:\/\/www.monteingles.com\/en\/hotel-room\/papoila-room-twin-room\/\" style=\"padding: 12px 47px 13px 47px\" class=\"qodef-btn qodef-btn-small qodef-btn-outline\">\n\t\t\t<span class=\"qodef-btn-text-wrapper\">\n\t\t\t\t<span class=\"qodef-btn-text\">Book Now<\/span>\n\t\t\t\t\t<\/span>\n\t\t\t<span class=\"qodef-btn-bgrnd-wrapper\">\n\t\t\t\t<span class=\"qodef-btn-bgrnd-idle\"><\/span>\n\t\t\t\t<span class=\"qodef-btn-bgrnd-hover\"><\/span>\n\t\t\t<\/span>\n\t\t<\/a>\n\t<\/div>\n<\/div>\n            <\/div>\n        <\/div>\n    <\/div>\n<\/div>\n        <\/div>\n    <\/article>\n                    <\/div>\n    \n                <div class=\"qodef-hrl-loading\">\n\t<div class=\"qodef-hrl-loading-bounce1\"><\/div>\n\t<div class=\"qodef-hrl-loading-bounce2\"><\/div>\n\t<div class=\"qodef-hrl-loading-bounce3\"><\/div>\n<\/div>\n                                <\/div>\n                            <\/div>\n        <\/div>\n    <\/div>\t\t<\/div>\n\t<\/div>\n<\/div><\/div><div class=\"qodef-elements-holder   qodef-one-column  qodef-responsive-mode-768 \" ><div class=\"qodef-eh-item    \"  data-item-class=\"qodef-eh-custom-5634\">\n\t<div class=\"qodef-eh-item-inner\">\n\t\t<div class=\"qodef-eh-item-content qodef-eh-custom-5634\" >\n\t\t\t<div class=\"qodef-separator-holder clearfix  qodef-separator-center \">\n\t<div class=\"qodef-separator\" ><\/div>\n<\/div>\n\t\t<\/div>\n\t<\/div>\n<\/div><\/div>[\/vc_column][\/vc_row]<\/p>\n","protected":false},"excerpt":{"rendered":"<p> [&hellip;]<\/p>\n","protected":false},"author":1,"featured_media":4652,"parent":0,"menu_order":0,"comment_status":"closed","ping_status":"closed","template":"estadias_template.php","meta":[],"acf":[],"yoast_head":"<!-- This site is optimized with the Yoast SEO plugin v19.7.2 - https:\/\/yoast.com\/wordpress\/plugins\/seo\/ -->\n<title>Monte Ingl\u00eas, the ideal place to relax in S\u00e3o Miguel, Azores!<\/title>\n<meta name=\"description\" content=\"Monte Ingl\u00eas is prepared to welcome you all year round. Come and enjoy your holiday on the magnificent island of S\u00e3o Miguel!\" \/>\n<meta name=\"robots\" content=\"index, follow, max-snippet:-1, max-image-preview:large, max-video-preview:-1\" \/>\n<link rel=\"canonical\" href=\"https:\/\/www.monteingles.com\/en\/accommodation-sao-miguel-azores\/\" \/>\n<meta property=\"og:locale\" content=\"en_US\" \/>\n<meta property=\"og:type\" content=\"article\" \/>\n<meta property=\"og:title\" content=\"Monte Ingl\u00eas, the ideal place to relax in S\u00e3o Miguel, Azores!\" \/>\n<meta property=\"og:description\" content=\"Monte Ingl\u00eas is prepared to welcome you all year round. Come and enjoy your holiday on the magnificent island of S\u00e3o Miguel!\" \/>\n<meta property=\"og:url\" content=\"https:\/\/www.monteingles.com\/en\/accommodation-sao-miguel-azores\/\" \/>\n<meta property=\"og:site_name\" content=\"Monte Ingl\u00eas\" \/>\n<meta property=\"article:modified_time\" content=\"2023-01-09T14:10:39+00:00\" \/>\n<meta property=\"og:image\" content=\"https:\/\/www.monteingles.com\/wp-content\/uploads\/2022\/11\/dsc01853-hdr-scaled.jpg\" \/>\n\t<meta property=\"og:image:width\" content=\"2560\" \/>\n\t<meta property=\"og:image:height\" content=\"1706\" \/>\n\t<meta property=\"og:image:type\" content=\"image\/jpeg\" \/>\n<meta name=\"twitter:card\" content=\"summary_large_image\" \/>\n<meta name=\"twitter:label1\" content=\"Est. reading time\" \/>\n\t<meta name=\"twitter:data1\" content=\"1 minute\" \/>\n<script type=\"application\/ld+json\" class=\"yoast-schema-graph\">{\"@context\":\"https:\/\/schema.org\",\"@graph\":[{\"@type\":\"WebPage\",\"@id\":\"https:\/\/www.monteingles.com\/en\/accommodation-sao-miguel-azores\/\",\"url\":\"https:\/\/www.monteingles.com\/en\/accommodation-sao-miguel-azores\/\",\"name\":\"Monte Ingl\u00eas, the ideal place to relax in S\u00e3o Miguel, Azores!\",\"isPartOf\":{\"@id\":\"https:\/\/www.monteingles.com\/#website\"},\"datePublished\":\"2018-04-18T14:41:03+00:00\",\"dateModified\":\"2023-01-09T14:10:39+00:00\",\"description\":\"Monte Ingl\u00eas is prepared to welcome you all year round. Come and enjoy your holiday on the magnificent island of S\u00e3o Miguel!\",\"breadcrumb\":{\"@id\":\"https:\/\/www.monteingles.com\/en\/accommodation-sao-miguel-azores\/#breadcrumb\"},\"inLanguage\":\"en-US\",\"potentialAction\":[{\"@type\":\"ReadAction\",\"target\":[\"https:\/\/www.monteingles.com\/en\/accommodation-sao-miguel-azores\/\"]}]},{\"@type\":\"BreadcrumbList\",\"@id\":\"https:\/\/www.monteingles.com\/en\/accommodation-sao-miguel-azores\/#breadcrumb\",\"itemListElement\":[{\"@type\":\"ListItem\",\"position\":1,\"name\":\"Home\",\"item\":\"https:\/\/www.monteingles.com\/en\/\"},{\"@type\":\"ListItem\",\"position\":2,\"name\":\"Accommodation\"}]},{\"@type\":\"WebSite\",\"@id\":\"https:\/\/www.monteingles.com\/#website\",\"url\":\"https:\/\/www.monteingles.com\/\",\"name\":\"Monte Ingl\u00eas\",\"description\":\"Mais um site WordPress\",\"potentialAction\":[{\"@type\":\"SearchAction\",\"target\":{\"@type\":\"EntryPoint\",\"urlTemplate\":\"https:\/\/www.monteingles.com\/?s={search_term_string}\"},\"query-input\":\"required name=search_term_string\"}],\"inLanguage\":\"en-US\"}]}<\/script>\n<!-- \/ Yoast SEO plugin. -->","yoast_head_json":{"title":"Monte Ingl\u00eas, the ideal place to relax in S\u00e3o Miguel, Azores!","description":"Monte Ingl\u00eas is prepared to welcome you all year round. Come and enjoy your holiday on the magnificent island of S\u00e3o Miguel!","robots":{"index":"index","follow":"follow","max-snippet":"max-snippet:-1","max-image-preview":"max-image-preview:large","max-video-preview":"max-video-preview:-1"},"canonical":"https:\/\/www.monteingles.com\/en\/accommodation-sao-miguel-azores\/","og_locale":"en_US","og_type":"article","og_title":"Monte Ingl\u00eas, the ideal place to relax in S\u00e3o Miguel, Azores!","og_description":"Monte Ingl\u00eas is prepared to welcome you all year round. Come and enjoy your holiday on the magnificent island of S\u00e3o Miguel!","og_url":"https:\/\/www.monteingles.com\/en\/accommodation-sao-miguel-azores\/","og_site_name":"Monte Ingl\u00eas","article_modified_time":"2023-01-09T14:10:39+00:00","og_image":[{"width":2560,"height":1706,"url":"https:\/\/www.monteingles.com\/wp-content\/uploads\/2022\/11\/dsc01853-hdr-scaled.jpg","type":"image\/jpeg"}],"twitter_card":"summary_large_image","twitter_misc":{"Est. reading time":"1 minute"},"schema":{"@context":"https:\/\/schema.org","@graph":[{"@type":"WebPage","@id":"https:\/\/www.monteingles.com\/en\/accommodation-sao-miguel-azores\/","url":"https:\/\/www.monteingles.com\/en\/accommodation-sao-miguel-azores\/","name":"Monte Ingl\u00eas, the ideal place to relax in S\u00e3o Miguel, Azores!","isPartOf":{"@id":"https:\/\/www.monteingles.com\/#website"},"datePublished":"2018-04-18T14:41:03+00:00","dateModified":"2023-01-09T14:10:39+00:00","description":"Monte Ingl\u00eas is prepared to welcome you all year round. Come and enjoy your holiday on the magnificent island of S\u00e3o Miguel!","breadcrumb":{"@id":"https:\/\/www.monteingles.com\/en\/accommodation-sao-miguel-azores\/#breadcrumb"},"inLanguage":"en-US","potentialAction":[{"@type":"ReadAction","target":["https:\/\/www.monteingles.com\/en\/accommodation-sao-miguel-azores\/"]}]},{"@type":"BreadcrumbList","@id":"https:\/\/www.monteingles.com\/en\/accommodation-sao-miguel-azores\/#breadcrumb","itemListElement":[{"@type":"ListItem","position":1,"name":"Home","item":"https:\/\/www.monteingles.com\/en\/"},{"@type":"ListItem","position":2,"name":"Accommodation"}]},{"@type":"WebSite","@id":"https:\/\/www.monteingles.com\/#website","url":"https:\/\/www.monteingles.com\/","name":"Monte Ingl\u00eas","description":"Mais um site WordPress","potentialAction":[{"@type":"SearchAction","target":{"@type":"EntryPoint","urlTemplate":"https:\/\/www.monteingles.com\/?s={search_term_string}"},"query-input":"required name=search_term_string"}],"inLanguage":"en-US"}]}},"_links":{"self":[{"href":"https:\/\/www.monteingles.com\/en\/wp-json\/wp\/v2\/pages\/4575"}],"collection":[{"href":"https:\/\/www.monteingles.com\/en\/wp-json\/wp\/v2\/pages"}],"about":[{"href":"https:\/\/www.monteingles.com\/en\/wp-json\/wp\/v2\/types\/page"}],"author":[{"embeddable":true,"href":"https:\/\/www.monteingles.com\/en\/wp-json\/wp\/v2\/users\/1"}],"replies":[{"embeddable":true,"href":"https:\/\/www.monteingles.com\/en\/wp-json\/wp\/v2\/comments?post=4575"}],"version-history":[{"count":9,"href":"https:\/\/www.monteingles.com\/en\/wp-json\/wp\/v2\/pages\/4575\/revisions"}],"predecessor-version":[{"id":4800,"href":"https:\/\/www.monteingles.com\/en\/wp-json\/wp\/v2\/pages\/4575\/revisions\/4800"}],"wp:featuredmedia":[{"embeddable":true,"href":"https:\/\/www.monteingles.com\/en\/wp-json\/wp\/v2\/media\/4652"}],"wp:attachment":[{"href":"https:\/\/www.monteingles.com\/en\/wp-json\/wp\/v2\/media?parent=4575"}],"curies":[{"name":"wp","href":"https:\/\/api.w.org\/{rel}","templated":true}]}}